{"id":102,"date":"2020-11-29T20:44:32","date_gmt":"2020-11-29T19:44:32","guid":{"rendered":"http:\/\/parafiaklebark.pl\/?page_id=102"},"modified":"2025-02-07T00:15:29","modified_gmt":"2025-02-06T23:15:29","slug":"o-parafii","status":"publish","type":"page","link":"https:\/\/parafiaklebark.pl\/index.php\/o-parafii\/","title":{"rendered":"Historia"},"content":{"rendered":"\n<figure class=\"wp-block-embed is-type-video is-provider-youtube wp-block-embed-youtube wp-embed-aspect-16-9 wp-has-aspect-ratio\"><div class=\"wp-block-embed__wrapper\">\n<iframe loading=\"lazy\" title=\"Krew na \u015bniegu - Morderstwo w Klebarku Wielkim. Na tropach Bursztynowej Komnaty. Warmia 1945.\" width=\"700\" height=\"394\" src=\"https:\/\/www.youtube.com\/embed\/t4uKO9P5zig?feature=oembed\" frameborder=\"0\" allow=\"accelerometer; autoplay; clipboard-write; encrypted-media; gyroscope; picture-in-picture; web-share\" referrerpolicy=\"strict-origin-when-cross-origin\" allowfullscreen><\/iframe>\n<\/div><\/figure>\n\n\n\n<p><strong>Klebark Wielki<\/strong> \u2013 wie\u015b na p\u00f3\u0142nocnym brzegu jeziora Klebarskiego. Miejscowo\u015b\u0107 lokowana w 1357 roku, stanowi\u0142a w\u0142asno\u015b\u0107 Kapitu\u0142y Warmi\u0144skiej. W latach 1519-1521 lokowa\u0142 tu osadnik\u00f3w administrator d\u00f3br Kapitu\u0142y Warmi\u0144skiej Miko\u0142aj Kopernik. Po zniszczeniach wojny polsko-krzy\u017cackiej 1519-1521 Kapitu\u0142a podzieli\u0142a wie\u015b na Klebark Ma\u0142y i Klebark Wielki. Pierwszy Ko\u015bci\u00f3\u0142 powsta\u0142 w XIV wieku. W 1581 roku odby\u0142a si\u0119 konsekracja drugiego ko\u015bcio\u0142a murowanego, kt\u00f3rej dokona\u0142 bp Marcin Kromer. Budow\u0119 obecnego, trzeciego ko\u015bcio\u0142a zako\u0144czono w 1892 r. \u015awi\u0105tyni\u0119 konsekrowa\u0142 bp Andrzej Thiel 26 wrze\u015bnia 1896 r. <br>\u015awi\u0105tynia jest budowl\u0105 orientowan\u0105, trzynawow\u0105, wzniesion\u0105 z ceg\u0142y w stylu neogotyckim. Od wschodu znajduje si\u0119 wydzielone wieloboczne prezbiterium i dwie zakrystie. Od zachodu do bry\u0142y dostawiona jest kwadratowa, wysoka i masywna wie\u017ca nakryta strzelistym dachem namiotowym. W jej ostatniej kondygnacji umieszczony zosta\u0142 mechanizm zegarowy z 1895 r, a na zewn\u0105trz cztery tarcze.<\/p>\n\n\n\n<p><strong>O\u0142tarze<\/strong><br>      Wyposa\u017cenie \u015bwi\u0105tyni w du\u017cej mierze neogotyckie. W \u015brodku o\u0142tarza g\u0142\u00f3wnego znajduje si\u0119 nisza relikwiarzowa, nad tabernakulum p\u0142askorze\u017abione przedstawienie baranka warmi\u0144skiego.<br>W o\u0142tarzu g\u0142\u00f3wnym widzimy tak\u017ce \u015bw. Helen\u0119 z krzy\u017cem (Helena Augusta matka cesarza Konstantyna Wielkiego, kt\u00f3ra zarz\u0105dzi\u0142a poszukiwanie pami\u0105tek po Chrystusie w Jerozolimie i to z jej polecenia w 326 roku miano znale\u017a\u0107 pozosta\u0142o\u015bci krzy\u017ca Jezusowego).<\/p>\n\n\n\n<p>Uwag\u0119 przykuwaj\u0105 o\u0142tarze boczne. W p\u00f3\u0142nocnym znajduje si\u0119 obraz Matki Bo\u017cej z Dzieci\u0105tkiem \u2013 sygnowany i datowany na rok 1862. Po bokach \u2013 figury \u015bw. Dominika i \u015bw. Franciszka, w zwie\u0144czeniu \u2013 \u015bw. Teresa. U do\u0142u obrazu \u0142aci\u0144ski napis z Izajasza proroka: \u201eMale\u0144ki nam si\u0119 narodzi\u0142, a na ramieniu Jego spoczywa w\u0142adza\u201d. Boczny o\u0142tarz po\u0142udniowy wykonany jest w formie tryptyku. W nastawie o\u0142tarzowej figury przedstawiaj\u0105ce \u015bw. Barbar\u0119, \u015bw. Miko\u0142aja i \u015bw. Katarzyn\u0119 Aleksandryjsk\u0105. Malowid\u0142a na skrzyd\u0142ach przedstawiaj\u0105 odpowiednio: Mi\u0142osiernego ojca przyjmuj\u0105cego marnotrawnego syna oraz Chrystusa jako Dobrego Pasterza (po z\u0142o\u017ceniu skrzyde\u0142, na ich zewn\u0119trznej stronie wizerunki Matki Boskiej Bolesnej i \u015bw. Jana Ewangelisty). Poni\u017cej, w predelli, p\u0142askorze\u017aba ze scen\u0105 z codziennego \u017cycia \u015awi\u0119tej Rodziny.<\/p>\n\n\n\n<p><strong>Witra\u017ce<\/strong><br>Niew\u0105tpliwie jednym z najcenniejszych zabytk\u00f3w, nie tylko ko\u015bcio\u0142a w Klebarku Wielkim, ale i ca\u0142ej \u015awi\u0119tej Warmii, s\u0105 witra\u017ce, uwa\u017cane s\u0105 za najwybitniejsze z okresu neogotyku na Warmii. Wykonane w Koblencji przez Wilhelma Mayra ok. 1888 r. Zam\u00f3wi\u0142 je \u00f3wczesny proboszcz ksi\u0105dz J\u00f3zef Teschner, kt\u00f3ry podejmuj\u0105c si\u0119 budowy nowego ko\u015bcio\u0142a, pragn\u0105\u0142, aby nowa \u015bwi\u0105tynia przemawia\u0142a do wiernych i zach\u0119ca\u0142a ich do modlitwy r\u00f3wnie\u017c wystrojem witra\u017cowym. Ca\u0142o\u015b\u0107 ma jednolit\u0105 kompozycj\u0119 i sk\u0142ada si\u0119 z dw\u00f3ch witra\u017cy ornamentowych, rozety (nad krucht\u0105 wie\u017cow\u0105) oraz witra\u017cy figuralnych ukazuj\u0105cych tajemnice r\u00f3\u017ca\u0144ca \u015bwi\u0119tego. Przedstawienia tajemnic bolesnych znajduj\u0105 si\u0119 w prezbiterium. W nawie po\u0142udniowej \u2013 tajemnice radosne, a w p\u00f3\u0142nocnej \u2013 chwalebne. Witra\u017ce przetrwa\u0142y wkroczenie wojsk radzieckich w styczniu 1945 roku, gdy\u017c \u00f3wczesny proboszcz ksi\u0105dz Pawe\u0142 Chmielewski kaza\u0142 je wcze\u015bniej zamalowa\u0107 wapnem.<\/p>\n\n\n\n<p><strong>Polichromia<\/strong><br>Polichromia z pocz\u0105tku XX wieku z wpisanym <em>Psalmem 83<\/em>. W prezbiterium napis po \u0142acinie w t\u0142umaczeniu: <em>Jak \u0142ania pragnie wody ze strumienia tak dusza moja pragnie Ciebie Bo\u017ce. <\/em>U g\u00f3ry na \u0142uku prezbiterialnym napis po \u0142acinie w t\u0142umaczeniu: <em>Adorujemy Ciebie Chryste, \u017ce\u015b przez krzy\u017c Tw\u00f3j odkupi\u0142 \u015bwiat.<\/em><br>Sklepienie \u015bwi\u0105tyni krzy\u017cowo-\u017cebrowane oparte na filarach. Pilastry zako\u0144czone kapitelami zdobiony kwiatami. W pachach sklepie\u0144 r\u00f3wnie\u017c znajduj\u0105 si\u0119 motywy kwiatowe, niepowtarzalne. Jeden kwiat nie powtarza si\u0119 w drugim kwiecie.<br>Sklepienie w prezbiterium w kolorze jasnym chabrowym, a na nim zwoje akantu zako\u0144czone tr\u00f3jlistnym kwiatem koniczyna. (\u201eKlee berg\u201d \u2013 wzg\u00f3rze koniczynne).<br>Po prawej stronie o\u0142tarza scena z\u0142o\u017cenia ofiary Abrahama na r\u0119ce kap\u0142ana Melchizedeka \u2013 zapowied\u017a ofiary Chrystusa. Po lewej stronie \u015bw. Alojzy Gonzaga, kt\u00f3ry przyjmuje komuni\u0119 \u015bwi\u0119t\u0105 z r\u0105k \u015bw. Karola Boromeusza \u2013 arcybiskupa Mediolanu.<\/p>\n\n\n\n<p><strong>Sanktuarium Krzy\u017ca \u015awi\u0119tego<\/strong><br>Podczas podziwiania wyposa\u017cenia ko\u015bcio\u0142a trzeba u\u015bwiadomi\u0107 sobie jego rang\u0119 duchow\u0105 dla dzisiejszej Warmii. Biskup warmi\u0144ski dr Edmund Piszcz dekretem z 8 wrze\u015bnia 2002 roku ustanowi\u0142 t\u0119 \u015bwi\u0105tyni\u0119 Archidiecezjalnym Sanktuarium Krzy\u017ca \u015awi\u0119tego. Podczas uroczystej ceremonii, kt\u00f3ra mia\u0142a miejsce w Klebarku Wielkim 13 wrze\u015bnia 2002 roku, prymas Polski kardyna\u0142 J\u00f3zef Glemp przekaza\u0142 tu relikwiarz z cz\u0105stk\u0105 \u015awi\u0119tego Krzy\u017ca \u2013 tego, na kt\u00f3rym Chrystus skona\u0142 na Golgocie, i kt\u00f3ry na pocz\u0105tku IV wieku odnalaz\u0142a w Jerozolimie \u015bw. Helena, matka cesarza rzymskiego Konstantyna Wielkiego.<\/p>\n\n\n\n<p><\/p>\n\n\n\n<p><strong>Otoczenie \u015bwi\u0105tyni<\/strong><br>Pami\u0119\u0107 o bogatej historii wsi zapisana jest r\u00f3wnie\u017c w dawnych budowlach. Przy ko\u015bciele znajduje si\u0119 pi\u0119knie zachowana neoklasycystyczna plebania z ko\u0144ca XVIII w., budynek dawnego szpitala \u015bw. Ducha oraz datowana na rok 1892 jedna z naj\u0142adniejszych na Warmii rozbudowana dwukondygnacyjna kapliczka. W niszy g\u00f3rnej znajduje si\u0119 oryginalna z okresu powstania kaplicy figura Naj\u015bwi\u0119tszego Serca Pana Jezusa, wykonana w drzewie lipowym. Na dole figura z masy \u017cywicznej \u2013 pieta. Oryginalna figura z tej kapliczki jest w ko\u015bciele w prezbiterium, aby nie ulega\u0142a destrukcji z powodu oddzia\u0142ywania czynnik\u00f3w atmosferycznych.<\/p>\n\n\n\n<p>O bli\u017cszej, tragicznej historii zwi\u0105zanej z II wojn\u0105 \u015bwiatow\u0105, przypomina znajduj\u0105cy si\u0119 przy ko\u015bciele pomnik upami\u0119tniaj\u0105cy kap\u0142an\u00f3w i lud diecezji warmi\u0144skiej, kt\u00f3rzy stracili \u017cycie w latach 1939-1947 (ods\u0142oni\u0119to go 2 wrze\u015bnia 2001 roku). To dwa g\u0142azy z pami\u0105tkow\u0105 tablic\u0105 i p\u0119kni\u0119tym \u017celiwnym krzy\u017cem. P\u0119kni\u0119ty krzy\u017c symbolizuje p\u0119kni\u0119cie, jakie wojna czyni w kulturze, wsp\u00f3lnocie narod\u00f3w.<br>Obok znajduje si\u0119 gr\u00f3b ksi\u0119dza Paw\u0142a Chmielewskiego. W styczniu 1945 roku, po zaj\u0119ciu wsi przez \u017co\u0142nierzy rosyjskich, by\u0142 on na plebanii przez nich torturowany i przebijany bagnetami. Zmasakrowanego, ale wci\u0105\u017c \u017cywego proboszcza oprawcy wyrzucili przez okno plebanii na schody, a potem na drog\u0119. Skona\u0142 na mrozie. Po kilku dniach zosta\u0142 pochowany obok stoj\u0105cej tam do dzi\u015b figury Matki Boskiej. Obecnie trwa jego proces beatyfikacyjny. S\u0142uga Bo\u017cy ks. Pawe\u0142 Chmielewski jest patronem klebarskiej szko\u0142y oraz kaplicy Domu Formacyjnego Wy\u017cszego Seminarium Duchownego \u201eHosianum\u201d w Klebarku Wielkim.<\/p>\n\n\n\n<p>W 2012 r. uroczy\u015bcie ods\u0142oni\u0119to i po\u015bwi\u0119cono stel\u0119 wotywn\u0105 \u2013 <em>chaczkar<\/em>, co po ormia\u0144sku oznacza \u201edrzewo-krzy\u017c\u201d. Wykonana w tufie, czyli zeskalonej lawie wulkanicznej, przedstawia Golgot\u0119, Dobrego i Z\u0142ego \u0141otra. Rze\u017aba trafi\u0142a na Warmi\u0119 jako podzi\u0119kowanie od mieszka\u0144c\u00f3w Armenii za wyposa\u017cenie w sprz\u0119t medyczny jednego z tamtejszych szpitali przez Zakon Polskich Kawaler\u00f3w Malta\u0144skich. Rze\u017aba<\/p>\n\n\n\n<p><strong>Znani mieszka\u0144cy Klebarka<\/strong><br>Osobami urodzonymi w Klebarku i wielce zas\u0142u\u017conymi dla podtrzymania na Warmii polsko\u015bci i wiary przodk\u00f3w byli:<\/p>\n\n\n\n<ul class=\"wp-block-list\">\n<li>Jan Liszewski (1856-1894) \u2013 nauczyciel, poeta, etnograf, dzia\u0142acz o\u015bwiatowy, za\u0142o\u017cyciel \u201eGazety Olszty\u0144skiej&#8221;<\/li>\n\n\n\n<li>ks. dr Robert Bilitewski (1859-1935) \u2013 fundator Klasztoru Si\u00f3str Katarzynek, wybitny dzia\u0142acz ruchu sp\u00f3\u0142dzielczego, bibliofil i dzia\u0142acz polski, wsp\u00f3\u0142pracowa\u0142 z \u201eGazet\u0105 Olszty\u0144sk\u0105\u201d, Towarzystwem Szkolnym oraz Towarzystwem Czytelni Ludowych, protestowa\u0142 przeciwko zniesieniu nauki religii w j\u0119zyku polskim,<\/li>\n\n\n\n<li>Maria Nowowiejska-Jackowska (1975-1948), siostra Feliksa Nowowiejskiego, wykszta\u0142cona muzyczne, studiowa\u0142a \u015bpiew, darmowo udziela\u0142a dzieciom wiejskim lekcji gry na fortepianie. Zmar\u0142a w do\u015b\u0107 dramatycznych okoliczno\u015bciach: podczas konfiskaty jej ulubionego fortepianu przez \u00f3wczesne polskie w\u0142adze.<\/li>\n\n\n\n<li>Erich Thiel (1898-1973) \u2013 nauczyciel, geograf, podr\u00f3\u017cnik, profesor Uniwersytetu w Monachium.<\/li>\n<\/ul>\n\n\n\n<h2 class=\"wp-block-heading\">Spacer wirtualny<\/h2>\n\n\n\n<figure class=\"wp-block-embed is-type-video is-provider-youtube wp-block-embed-youtube wp-embed-aspect-16-9 wp-has-aspect-ratio\"><div class=\"wp-block-embed__wrapper\">\n<iframe loading=\"lazy\" title=\"KLEBARK WIELKI (WARMIA)  -  Ko\u015bci\u00f3\u0142 p.w.Znalezienia \u015awi\u0119tego Krzy\u017ca\" width=\"700\" height=\"394\" src=\"https:\/\/www.youtube.com\/embed\/AS0a6V82GRo?feature=oembed\" frameborder=\"0\" allow=\"accelerometer; autoplay; clipboard-write; encrypted-media; gyroscope; picture-in-picture; web-share\" referrerpolicy=\"strict-origin-when-cross-origin\" allowfullscreen><\/iframe>\n<\/div><\/figure>\n\n\n\n<h2 class=\"wp-block-heading\">Dom Formacyjny &#8222;Hosianum&#8221; w Klebarku Wielkim<\/h2>\n\n\n\n<figure class=\"wp-block-image size-full\"><img loading=\"lazy\" decoding=\"async\" width=\"2048\" height=\"1536\" src=\"https:\/\/parafiaklebark.pl\/wp-content\/uploads\/2024\/12\/417706843_7649064651811063_8486350416043473073_n.jpg\" alt=\"\" class=\"wp-image-4904\" srcset=\"https:\/\/parafiaklebark.pl\/wp-content\/uploads\/2024\/12\/417706843_7649064651811063_8486350416043473073_n.jpg 2048w, https:\/\/parafiaklebark.pl\/wp-content\/uploads\/2024\/12\/417706843_7649064651811063_8486350416043473073_n-300x225.jpg 300w, https:\/\/parafiaklebark.pl\/wp-content\/uploads\/2024\/12\/417706843_7649064651811063_8486350416043473073_n-1024x768.jpg 1024w, https:\/\/parafiaklebark.pl\/wp-content\/uploads\/2024\/12\/417706843_7649064651811063_8486350416043473073_n-768x576.jpg 768w, https:\/\/parafiaklebark.pl\/wp-content\/uploads\/2024\/12\/417706843_7649064651811063_8486350416043473073_n-1536x1152.jpg 1536w\" sizes=\"auto, (max-width: 2048px) 100vw, 2048px\" \/><\/figure>\n\n\n\n<p class=\"has-text-align-center\"><em>Od wrze\u015bnia 2020 roku kandydaci na kap\u0142an\u00f3w w naszej diecezji przechodz\u0105 tzw. rok propedeutyczny. Po przej\u015bciu rekrutacji w budynku Warmi\u0144skiego Seminarium Duchownego \u201eHosianum\u201d, klerycy we wrze\u015bniu przeprowadzaj\u0105 si\u0119 do domu formacyjnego w Klebarku Wielkim. Rozpoczynaj\u0105 drog\u0119 seminaryjn\u0105 z dala od pozosta\u0142ych kleryk\u00f3w. Wi\u0105\u017ce si\u0119 to z wprowadzeniem w naszej diecezji dokumentu Kongregacji ds. Duchowie\u0144stwa \u201eDar powo\u0142ania do kap\u0142a\u0144stwa. Ratio Fundamentalis Institutionis Sacerdotalis\u201d z 2016 roku.<br>Podstawowym celem tego czasu ma by\u0107 g\u0142\u0119bsze rozeznanie powo\u0142ania. Nie jest \u0142atwo rozezna\u0107 g\u0142os powo\u0142ania kap\u0142a\u0144skiego, a co dopiero je realizowa\u0107. Trudno jest by\u0107 katolikiem w \u015bwiecie, kt\u00f3ry ma swoisty kryzys wiary, a co dopiero by\u0107 ksi\u0119dzem. Wyd\u0142u\u017cenie czasu formacji o ten rok pocz\u0105tkowy ma s\u0142u\u017cy\u0107 poznaniu swojego powo\u0142ania i samego siebie.<\/em><\/p>\n\n\n\n<figure class=\"wp-block-image size-full is-style-default\"><img loading=\"lazy\" decoding=\"async\" width=\"2048\" height=\"1536\" src=\"https:\/\/parafiaklebark.pl\/wp-content\/uploads\/2024\/12\/469692605_900891738907846_8877001156977452192_n.jpg\" alt=\"\" class=\"wp-image-4909\" srcset=\"https:\/\/parafiaklebark.pl\/wp-content\/uploads\/2024\/12\/469692605_900891738907846_8877001156977452192_n.jpg 2048w, https:\/\/parafiaklebark.pl\/wp-content\/uploads\/2024\/12\/469692605_900891738907846_8877001156977452192_n-300x225.jpg 300w, https:\/\/parafiaklebark.pl\/wp-content\/uploads\/2024\/12\/469692605_900891738907846_8877001156977452192_n-1024x768.jpg 1024w, https:\/\/parafiaklebark.pl\/wp-content\/uploads\/2024\/12\/469692605_900891738907846_8877001156977452192_n-768x576.jpg 768w, https:\/\/parafiaklebark.pl\/wp-content\/uploads\/2024\/12\/469692605_900891738907846_8877001156977452192_n-1536x1152.jpg 1536w\" sizes=\"auto, (max-width: 2048px) 100vw, 2048px\" \/><\/figure>\n\n\n\n<p class=\"has-text-align-center\"><em>Formacja seminaryjna posiada cztery wymiary: duchowy, ludzki, intelektualny i pastoralny. Rok propedeutyczny skupi si\u0119 na pierwszych dw\u00f3ch. To jest czas, by pog\u0142\u0119bi\u0107 swoj\u0105 relacj\u0119 z Bogiem. Ka\u017cdy z kleryk\u00f3w ma r\u00f3\u017cne do\u015bwiadczenie modlitewne. Na tym etapie ucz\u0105 si\u0119 przyja\u017ani ze s\u0142owem Bo\u017cym, wsp\u00f3lnej modlitwy Liturgi\u0105 Godzin i adoracji Naj\u015bwi\u0119tszego Sakramentu.<br>Drugi wymiar tego czasu dotyczy formacji ludzkiej. Ma ona znaczenie wielowymiarowe. Podstawowy odnosi si\u0119 do poznania samego siebie: swoich predyspozycji, potencja\u0142u, jak i te\u017c swoich ogranicze\u0144. Poznanie siebie umo\u017cliwia odpowiedzenie na powo\u0142anie Boga do kap\u0142a\u0144stwa, co jest spraw\u0105 fundamentaln\u0105. W tym okresie klerycy podejmuj\u0105 r\u00f3wnie\u017c prac\u0119, jako wolontariusze w r\u00f3\u017cnych miejsca pomocy.<\/em><\/p>\n\n\n\n<figure class=\"wp-block-image size-full\"><img loading=\"lazy\" decoding=\"async\" width=\"2048\" height=\"1536\" src=\"https:\/\/parafiaklebark.pl\/wp-content\/uploads\/2024\/12\/255876507_286782286697077_6856965553101595680_n.jpg\" alt=\"\" class=\"wp-image-4908\" srcset=\"https:\/\/parafiaklebark.pl\/wp-content\/uploads\/2024\/12\/255876507_286782286697077_6856965553101595680_n.jpg 2048w, https:\/\/parafiaklebark.pl\/wp-content\/uploads\/2024\/12\/255876507_286782286697077_6856965553101595680_n-300x225.jpg 300w, https:\/\/parafiaklebark.pl\/wp-content\/uploads\/2024\/12\/255876507_286782286697077_6856965553101595680_n-1024x768.jpg 1024w, https:\/\/parafiaklebark.pl\/wp-content\/uploads\/2024\/12\/255876507_286782286697077_6856965553101595680_n-768x576.jpg 768w, https:\/\/parafiaklebark.pl\/wp-content\/uploads\/2024\/12\/255876507_286782286697077_6856965553101595680_n-1536x1152.jpg 1536w\" sizes=\"auto, (max-width: 2048px) 100vw, 2048px\" \/><\/figure>\n\n\n\n<p class=\"has-text-align-center\"><em>Do zada\u0144 b\u0119dzie tak\u017ce nale\u017ca\u0142o uzupe\u0142nienie formacji kulturalnej kandydata. Dlatego w ramach tego pojawiaj\u0105 si\u0119 zagadnienia z historii i kultury regionu, Ko\u015bcio\u0142a lokalnego, czy te\u017c \u017cyciorysy lokalnych \u015bwi\u0119tych i b\u0142ogos\u0142awionych. Szeroko rozumiana kultura na Warmii jest bogata i pi\u0119kna. Z pewno\u015bci\u0105 na poznanie jej nie wystarczy tylko rok. Poznanie korzeni Ko\u015bcio\u0142a Warmi\u0144skiego, kszta\u0142towania si\u0119 struktur spo\u0142eczno\u2013kulturowych da mo\u017cliwo\u015b\u0107 zrozumienia po cz\u0119\u015bci tych ziem i ludzi, do kt\u00f3rych w przysz\u0142o\u015bci kandydaci b\u0119d\u0105 pos\u0142ani jako ksi\u0119\u017ca. Opr\u00f3cz tego odbywaj\u0105 si\u0119 zaj\u0119cia z nauki wiary, poznanie Katechizmu Ko\u015bcio\u0142a Katolickiego, czy te\u017c zapoznanie si\u0119 z nauczaniem Soboru Watyka\u0144skiego II.<br>Oddzielny rok formacji pomo\u017ce te\u017c zintegrowa\u0107 si\u0119 samych kleryk\u00f3w w ramach rocznika. Wymiar wsp\u00f3lnoty, kt\u00f3r\u0105 tworz\u0105 przyszli ksi\u0119\u017ca jest bardzo wa\u017cny. Mo\u017cliwe, \u017ce w przysz\u0142o\u015bci w tej samej grupie b\u0119d\u0105 prze\u017cywa\u0107 wa\u017cny moment w swoim \u017cyciu, jak \u015bwi\u0119cenia kap\u0142a\u0144skie. Dlatego budowanie relacji w tym czasie jest te\u017c wa\u017cne.<\/em><\/p>\n\n\n\n<figure class=\"wp-block-image size-full\"><img loading=\"lazy\" decoding=\"async\" width=\"2048\" height=\"1536\" src=\"https:\/\/parafiaklebark.pl\/wp-content\/uploads\/2024\/12\/434044007_732647312398957_6762545378471831662_n.jpg\" alt=\"\" class=\"wp-image-4907\" srcset=\"https:\/\/parafiaklebark.pl\/wp-content\/uploads\/2024\/12\/434044007_732647312398957_6762545378471831662_n.jpg 2048w, https:\/\/parafiaklebark.pl\/wp-content\/uploads\/2024\/12\/434044007_732647312398957_6762545378471831662_n-300x225.jpg 300w, https:\/\/parafiaklebark.pl\/wp-content\/uploads\/2024\/12\/434044007_732647312398957_6762545378471831662_n-1024x768.jpg 1024w, https:\/\/parafiaklebark.pl\/wp-content\/uploads\/2024\/12\/434044007_732647312398957_6762545378471831662_n-768x576.jpg 768w, https:\/\/parafiaklebark.pl\/wp-content\/uploads\/2024\/12\/434044007_732647312398957_6762545378471831662_n-1536x1152.jpg 1536w\" sizes=\"auto, (max-width: 2048px) 100vw, 2048px\" \/><\/figure>\n","protected":false},"excerpt":{"rendered":"<p>Klebark Wielki \u2013 wie\u015b na p\u00f3\u0142nocnym brzegu jeziora Klebarskiego. Miejscowo\u015b\u0107 lokowana w 1357 roku, stanowi\u0142a w\u0142asno\u015b\u0107 Kapitu\u0142y Warmi\u0144skiej. W latach 1519-1521 lokowa\u0142 tu osadnik\u00f3w administrator d\u00f3br Kapitu\u0142y Warmi\u0144skiej Miko\u0142aj Kopernik. Po zniszczeniach wojny polsko-krzy\u017cackiej 1519-1521 Kapitu\u0142a podzieli\u0142a wie\u015b na Klebark Ma\u0142y i Klebark Wielki. Pierwszy Ko\u015bci\u00f3\u0142 powsta\u0142 w XIV wieku. W 1581 roku odby\u0142a si\u0119 &#8230; <span class=\"more\"><a class=\"more-link\" href=\"https:\/\/parafiaklebark.pl\/index.php\/o-parafii\/\">[Czytaj dalej&#8230;]<\/a><\/span><\/p>\n","protected":false},"author":1,"featured_media":0,"parent":0,"menu_order":0,"comment_status":"closed","ping_status":"closed","template":"","meta":{"footnotes":""},"class_list":["entry","page","publish","author-t-napiorkowski","post-102"],"_links":{"self":[{"href":"https:\/\/parafiaklebark.pl\/index.php\/wp-json\/wp\/v2\/pages\/102","targetHints":{"allow":["GET"]}}],"collection":[{"href":"https:\/\/parafiaklebark.pl\/index.php\/wp-json\/wp\/v2\/pages"}],"about":[{"href":"https:\/\/parafiaklebark.pl\/index.php\/wp-json\/wp\/v2\/types\/page"}],"author":[{"embeddable":true,"href":"https:\/\/parafiaklebark.pl\/index.php\/wp-json\/wp\/v2\/users\/1"}],"replies":[{"embeddable":true,"href":"https:\/\/parafiaklebark.pl\/index.php\/wp-json\/wp\/v2\/comments?post=102"}],"version-history":[{"count":18,"href":"https:\/\/parafiaklebark.pl\/index.php\/wp-json\/wp\/v2\/pages\/102\/revisions"}],"predecessor-version":[{"id":5061,"href":"https:\/\/parafiaklebark.pl\/index.php\/wp-json\/wp\/v2\/pages\/102\/revisions\/5061"}],"wp:attachment":[{"href":"https:\/\/parafiaklebark.pl\/index.php\/wp-json\/wp\/v2\/media?parent=102"}],"curies":[{"name":"wp","href":"https:\/\/api.w.org\/{rel}","templated":true}]}}