{"id":4335,"date":"2024-08-09T09:50:58","date_gmt":"2024-08-09T07:50:58","guid":{"rendered":"https:\/\/parafiaklebark.pl\/?page_id=4335"},"modified":"2025-05-19T08:00:58","modified_gmt":"2025-05-19T06:00:58","slug":"pawel-chmielewski-sluga-bozy","status":"publish","type":"page","link":"https:\/\/parafiaklebark.pl\/index.php\/pawel-chmielewski-sluga-bozy\/","title":{"rendered":"Pawe\u0142 Chmielewski &#8211; S\u0142uga Bo\u017cy"},"content":{"rendered":"<div class=\"wp-block-image is-style-default\">\n<figure class=\"alignright size-medium\"><img loading=\"lazy\" decoding=\"async\" width=\"188\" height=\"300\" src=\"https:\/\/parafiaklebark.pl\/wp-content\/uploads\/2024\/08\/ks_chmielewski_1-188x300.jpg\" alt=\"\" class=\"wp-image-4339\" srcset=\"https:\/\/parafiaklebark.pl\/wp-content\/uploads\/2024\/08\/ks_chmielewski_1-188x300.jpg 188w, https:\/\/parafiaklebark.pl\/wp-content\/uploads\/2024\/08\/ks_chmielewski_1-643x1024.jpg 643w, https:\/\/parafiaklebark.pl\/wp-content\/uploads\/2024\/08\/ks_chmielewski_1-768x1224.jpg 768w, https:\/\/parafiaklebark.pl\/wp-content\/uploads\/2024\/08\/ks_chmielewski_1-964x1536.jpg 964w, https:\/\/parafiaklebark.pl\/wp-content\/uploads\/2024\/08\/ks_chmielewski_1-1285x2048.jpg 1285w, https:\/\/parafiaklebark.pl\/wp-content\/uploads\/2024\/08\/ks_chmielewski_1-scaled.jpg 1606w\" sizes=\"auto, (max-width: 188px) 100vw, 188px\" \/><\/figure><\/div>\n\n\n<p class=\"has-text-align-left\">W pracy duszpasterskiej ogromn\u0105 wag\u0119 przyk\u0142ada\u0142 do budowania mi\u0142o\u015bci i pojednania w rodzinach. Kiedy dowiadywa\u0142 si\u0119, \u017ce w jakiej\u015b rodzinie relacje nie s\u0105 dobre szed\u0142 do niej, poucza\u0142, nieraz karci\u0142, zaprowadzaj\u0105c w ma\u0142\u017ce\u0144stwach Bo\u017c\u0105 harmoni\u0119. Ksi\u0105dz Jan Pawe\u0142 Chmielewski urodzi\u0142 si\u0119 5 stycznia 1889 r. w Uniszewie, w parafii Sz\u0105bruk. Po uko\u0144czeniu szko\u0142y powszechnej ucz\u0119szcza\u0142 do gimnazjum w Braniewie, gdzie w 1909 r. zda\u0142 matur\u0119. W tym samym roku rozpocz\u0105\u0142 studia w Seminarium Duchowym w Braniewie. \u015awi\u0119cenia kap\u0142a\u0144skie przyj\u0105\u0142 28 lutego 1915 r. we Fromborku z r\u0105k bp. Augustyna Bludaua. Przez 13 lat pracowa\u0142 jako wikariusz w parafii Biesowo. Pod koniec I wojny \u015bwiatowej pracowa\u0142 w wojskowej s\u0142u\u017cbie sanitarnej i jako kapelan wojskowy w G\u0105binie. W kwietniu 1928 r, zosta\u0142 proboszczem parafii Klebark Wielki. W prowadzeniu parafialnego gospodarstwa pomaga\u0142a mu siostra Lidia.<\/p>\n\n\n\n<h2 class=\"wp-block-heading\">Dobry pasterz<\/h2>\n\n\n<div class=\"wp-block-image\">\n<figure class=\"alignleft size-medium\"><img loading=\"lazy\" decoding=\"async\" width=\"198\" height=\"300\" src=\"https:\/\/parafiaklebark.pl\/wp-content\/uploads\/2024\/08\/ks_chmielewski_2-198x300.jpg\" alt=\"\" class=\"wp-image-4340\" srcset=\"https:\/\/parafiaklebark.pl\/wp-content\/uploads\/2024\/08\/ks_chmielewski_2-198x300.jpg 198w, https:\/\/parafiaklebark.pl\/wp-content\/uploads\/2024\/08\/ks_chmielewski_2-677x1024.jpg 677w, https:\/\/parafiaklebark.pl\/wp-content\/uploads\/2024\/08\/ks_chmielewski_2-768x1162.jpg 768w, https:\/\/parafiaklebark.pl\/wp-content\/uploads\/2024\/08\/ks_chmielewski_2-1015x1536.jpg 1015w, https:\/\/parafiaklebark.pl\/wp-content\/uploads\/2024\/08\/ks_chmielewski_2-1354x2048.jpg 1354w, https:\/\/parafiaklebark.pl\/wp-content\/uploads\/2024\/08\/ks_chmielewski_2-scaled.jpg 1692w\" sizes=\"auto, (max-width: 198px) 100vw, 198px\" \/><\/figure><\/div>\n\n\n<p>Obok zdj\u0119cie z uroczysto\u015bci 25. rocznicy \u015bwi\u0119ce\u0144 kap\u0142a\u0144skich ks. Jana Paw\u0142a Chmielewskiego (luty 1940 r.). By\u0142 na niej obecny biskup warmi\u0144ski Maksymilian Kaller, kt\u00f3rego proces beatyfikacyjny toczy si\u0119 obecnie w Niemczech. Kiedy w styczniu 1945 roku mieszka\u0144cy Klebarka Wielkiego oczekiwali nadchodz\u0105cego frontu, gromadzili si\u0119 na modlitwach w ko\u015bciele. Wtedy zach\u0119cali ks. Chmielewskiego, aby wyjecha\u0142, jak to uczynili niekt\u00f3rzy proboszczowie, gdy\u017c wojska sowieckie brutalnie obchodz\u0105 si\u0119 z duchownymi. Jednak nie uleg\u0142 on namowom wiernych, a w jednym z kaza\u0144 powiedzia\u0142: \u201eJestem waszym pasterzem, a z\u0142y to pasterz, kt\u00f3ry w niebezpiecze\u0144stwie opuszcza owce swoje\u201d. Po zaj\u0119ciu Klebarka przez wojska sowieckie rozpocz\u0119\u0142y si\u0119 gwa\u0142ty, grabie\u017ce i morderstwa. Sowieci zajmuj\u0105c poszczeg\u00f3lne miejscowo\u015bci, wiedzieli, \u017ce w ko\u015bcio\u0142ach mo\u017cna odnale\u017a\u0107 cenne naczynia liturgiczne. S\u0142ysz\u0105c historie o grabie\u017cach w s\u0105siednich miejscowo\u015bciach, ks. Chmielewski ukry\u0142 monstrancje i kielichy w jednym z gospodarstw.<\/p>\n\n\n\n<h2 class=\"wp-block-heading\">\u015amier\u0107 m\u0119cze\u0144ska<\/h2>\n\n\n\n<p>Jednym ze \u015bwiadk\u00f3w \u015bmierci ks. Chmielewskiego by\u0142a Antonina Dusyn. Z jej wspomnie\u0144 wiadomo \u017ce \u017co\u0142nierze sowieccy zaraz po wej\u015bciu na plebani\u0119 chcieli dowiedzie\u0107 si\u0119, gdzie s\u0105 cenne przedmioty. Zn\u0119cali si\u0119 nad kap\u0142anem, chc\u0105c wydoby\u0107 od niego te informacje, ale te\u017c i dlatego, \u017ce by\u0142 duchownym. Ich agresj\u0119 wzbudzi\u0142o r\u00f3wnie\u017c zdj\u0119cie rodzinne kap\u0142ana, na kt\u00f3rym byli \u017co\u0142nierze w niemieckich mundurach z czas\u00f3w I wojny \u015bwiatowej. Sowieci konaj\u0105cego kap\u0142ana wyrzucili przez okno na schody plebanii. W tym samym czasie sp\u0119dzili m\u0142odych z ca\u0142ej wsi i uwi\u0119zili w piwnicy plebanii. \u2013 Gdy tak le\u017ca\u0142, widzia\u0142am \u017ce ko\u0144czy \u017cycie. Wsz\u0119dzie by\u0142a krew na \u015bniegu. Obok cia\u0142a le\u017ca\u0142a sutanna. W\u00f3wczas by\u0142am \u015bwiadkiem \u015bmierci mego wuja \u2013 wspomina Antonina. Przez kilka dni cia\u0142o kap\u0142ana le\u017ca\u0142o nienaruszone. Mimo pr\u00f3\u015bb \u017co\u0142nierze radzieccy nie wyra\u017cali zgody na jego pochowanie, a ludzie bali si\u0119 go pochowa\u0107 bez ich zgody. Wreszcie ludzie wykopali w zmarzni\u0119tej ziemi p\u0142ytki gr\u00f3b, gdzie pochowano cia\u0142o ks. Chmielewskiego. Liturgia pogrzebowa wraz ze z\u0142o\u017ceniem zmar\u0142ego w trumnie i grobie odby\u0142a si\u0119 3 lipca 1945 roku.<\/p>\n\n\n\n<h2 class=\"wp-block-heading\">Pos\u0142uga biednym<\/h2>\n\n\n<div class=\"wp-block-image\">\n<figure class=\"alignright size-medium\"><img loading=\"lazy\" decoding=\"async\" width=\"204\" height=\"300\" src=\"https:\/\/parafiaklebark.pl\/wp-content\/uploads\/2024\/08\/ks_chmielewski_3-204x300.jpg\" alt=\"\" class=\"wp-image-4341\" srcset=\"https:\/\/parafiaklebark.pl\/wp-content\/uploads\/2024\/08\/ks_chmielewski_3-204x300.jpg 204w, https:\/\/parafiaklebark.pl\/wp-content\/uploads\/2024\/08\/ks_chmielewski_3-697x1024.jpg 697w, https:\/\/parafiaklebark.pl\/wp-content\/uploads\/2024\/08\/ks_chmielewski_3-768x1129.jpg 768w, https:\/\/parafiaklebark.pl\/wp-content\/uploads\/2024\/08\/ks_chmielewski_3-1045x1536.jpg 1045w, https:\/\/parafiaklebark.pl\/wp-content\/uploads\/2024\/08\/ks_chmielewski_3-1393x2048.jpg 1393w, https:\/\/parafiaklebark.pl\/wp-content\/uploads\/2024\/08\/ks_chmielewski_3-scaled.jpg 1741w\" sizes=\"auto, (max-width: 204px) 100vw, 204px\" \/><\/figure><\/div>\n\n\n<p>Siostra kap\u0142ana, Lidia Chmielewska, w li\u015bcie z lipca 1947 r. napisa\u0142a: \u201eStrasznym jest, \u017ce m\u00f3j brat musia\u0142 umrze\u0107 gwa\u0142town\u0105 \u015bmierci\u0105, ale Pan B\u00f3g tak chcia\u0142, \u017ceby zmar\u0142 jako m\u0119czennik. Podczas I wojny \u015bwiatowej mia\u0142 swoje prymicje, podczas kolejnej wojny obchodzi\u0142 25-lecie kap\u0142a\u0144stwa i podczas wojny musia\u0142 umrze\u0107. Brat jest pochowany przy plebanii, ma wi\u0119c pi\u0119kne miejsce przy Matce Bo\u017cej\u201d. Ksi\u0105dz Leo Kami\u0144ski, kt\u00f3ry w 1946 r. obj\u0105\u0142 opiek\u0119 duszpastersk\u0105 parafii Klebark, w rok po m\u0119cze\u0144skiej \u015bmierci ks. Chmielewskiego pisa\u0142 w swym li\u015bcie: \u201eCodziennie przechodz\u0119 obok Jego grobu i naradzam si\u0119 z nim. Mam w nim dobrego or\u0119downika w niebie\u201d. Ksi\u0105dz Chmielewski wiele wysi\u0142k\u00f3w w swej pracy duszpasterskiej po\u015bwi\u0119ci\u0142 rodzinom, jak i osobom ubogim. Ze wspomnie\u0144 parafian wiadomo, \u017ce wspomaga\u0142 m\u0142odych, kt\u00f3rzy zak\u0142adali rodziny. Je\u015bli nie by\u0142o ich sta\u0107 na organizacj\u0119 uroczysto\u015bci za\u015blubin, kupowa\u0142 welon, urz\u0105dza\u0142 skromne przyj\u0119cie. Podobnie wspiera\u0142 dzieci przyst\u0119puj\u0105ce do I Komunii \u015awi\u0119tej, kupuj\u0105c najbiedniejszym buty i ubrania. Na rowerze przemierza\u0142 warmi\u0144skie dr\u00f3\u017cki, by odwiedza\u0107 swoich podopiecznych. Zapewne dlatego wierni m\u00f3wili do niego \u201eOjczulku\u201d. Parafianie wspominaj\u0105 swego proboszcza jako cz\u0142owieka oddanego s\u0142u\u017cbie Bogu i ludziom, kt\u00f3ry z\u0142o\u017cy\u0142 \u015blub ub\u00f3stwa i do \u015bmierci go przestrzega\u0142. I mimo up\u0142ywu wielu lat, mieszka\u0144cy Klebarka nieustannie dbaj\u0105 o jego gr\u00f3b, modl\u0105c si\u0119 przez jego wstawiennictwo do Boga.<\/p>\n\n\n\n<figure class=\"wp-block-embed is-type-video is-provider-youtube wp-block-embed-youtube wp-embed-aspect-16-9 wp-has-aspect-ratio\"><div class=\"wp-block-embed__wrapper\">\n<iframe loading=\"lazy\" title=\"Krew na \u015bniegu - Morderstwo w Klebarku Wielkim. Na tropach Bursztynowej Komnaty. Warmia 1945.\" width=\"700\" height=\"394\" src=\"https:\/\/www.youtube.com\/embed\/t4uKO9P5zig?feature=oembed\" frameborder=\"0\" allow=\"accelerometer; autoplay; clipboard-write; encrypted-media; gyroscope; picture-in-picture; web-share\" referrerpolicy=\"strict-origin-when-cross-origin\" allowfullscreen><\/iframe>\n<\/div><\/figure>\n\n\n\n<figure class=\"wp-block-embed is-type-video is-provider-youtube wp-block-embed-youtube wp-embed-aspect-16-9 wp-has-aspect-ratio\"><div class=\"wp-block-embed__wrapper\">\n<iframe loading=\"lazy\" title=\"Kim by\u0142 Ks. Pawe\u0142 Chmielewski? - KWADRANS DLA WIARY - 6.02.2025 r.\" width=\"700\" height=\"394\" src=\"https:\/\/www.youtube.com\/embed\/zAbQ1WM-4A4?feature=oembed\" frameborder=\"0\" allow=\"accelerometer; autoplay; clipboard-write; encrypted-media; gyroscope; picture-in-picture; web-share\" referrerpolicy=\"strict-origin-when-cross-origin\" allowfullscreen><\/iframe>\n<\/div><\/figure>\n\n\n\n<figure class=\"wp-block-embed is-type-video is-provider-youtube wp-block-embed-youtube wp-embed-aspect-16-9 wp-has-aspect-ratio\"><div class=\"wp-block-embed__wrapper\">\n<iframe loading=\"lazy\" title=\"Ojczulek... Dobry Proboszcz - S\u0142uga Bo\u017cy ks. Pawe\u0142 Chmielewski (2024)\" width=\"700\" height=\"394\" src=\"https:\/\/www.youtube.com\/embed\/NOxs_LV1IiA?feature=oembed\" frameborder=\"0\" allow=\"accelerometer; autoplay; clipboard-write; encrypted-media; gyroscope; picture-in-picture; web-share\" referrerpolicy=\"strict-origin-when-cross-origin\" allowfullscreen><\/iframe>\n<\/div><\/figure>\n\n\n\n<h2 class=\"wp-block-heading\">Patron ma\u0142\u017conk\u00f3w <\/h2>\n\n\n\n<p>O ks. Pawle Chmielewskim, ma\u0142\u017ce\u0144stwie i \u017cywej wsp\u00f3lnocie wiary rozmawiaj\u0105:<br>ks. Rados\u0142aw Czerwi\u0144ski oraz Marzena i Ireneusz Zieli\u0144scy (audio)<\/p>\n\n\n\n<figure class=\"wp-block-embed is-type-rich is-provider-spotify wp-block-embed-spotify wp-embed-aspect-21-9 wp-has-aspect-ratio\"><div class=\"wp-block-embed__wrapper\">\n<iframe title=\"Spotify Embed: Bo\u017ca Ekipa 14 - ks. Pawe\u0142 Chmielewski\" style=\"border-radius: 12px\" width=\"100%\" height=\"152\" frameborder=\"0\" allowfullscreen allow=\"autoplay; clipboard-write; encrypted-media; fullscreen; picture-in-picture\" loading=\"lazy\" src=\"https:\/\/open.spotify.com\/embed\/episode\/0maib1TsZtzf97R4k8LRJF?si=qtaRaETOQLe9cvL_NUe7GA%0A&#038;utm_source=oembed\"><\/iframe>\n<\/div><\/figure>\n\n\n\n<h2 class=\"wp-block-heading has-text-align-center\"><strong><em>Modlitwa za wstawiennictwem s\u0142ugi Bo\u017cego<\/em><\/strong><br><strong><em>ks. Paw\u0142a Chmielewskiego<\/em><\/strong><\/h2>\n\n\n\n<p class=\"has-text-align-center has-black-color has-text-color has-small-font-size\"><em><strong><br>Wszechmog\u0105cy i Mi\u0142osierny Bo\u017ce, <br>uwielbiam Ci\u0119 w paschalnej tajemnicy <\/strong><\/em><br><em><strong>\u015bmierci i zmartwychwstania<br>Twojego umi\u0142owanego Syna <\/strong><\/em><br><em><strong>Jezusa Chrystusa.<br>Zgodnie z twoj\u0105 wol\u0105, <\/strong><\/em><br><em><strong>Tw\u00f3j s\u0142uga ks. Pawe\u0142 Chmielewski<br>uczestniczy\u0142 w cierpieniach Zbawiciela,<br>wie\u0144cz\u0105c kap\u0142a\u0144skie \u017cycie <\/strong><\/em><br><em><strong>m\u0119cze\u0144sk\u0105 \u015bmierci\u0105.<br>Niech \u015bwiadectwo \u017cycia S\u0142ugi Bo\u017cego,<br>naznaczone wiern\u0105 mi\u0142o\u015bci\u0105 <\/strong><\/em><br><em><strong>do Boga i Ko\u015bcio\u0142a oraz duszpastersk\u0105 trosk\u0105 <\/strong><\/em><br><em><strong>o zbawienie wszystkich ludzi<br>b\u0119dzie dla wsp\u00f3\u0142czesnych chrze\u015bcijan<br>przyk\u0142adem doskona\u0142ej realizacji <\/strong><\/em><br><em><strong>powo\u0142ania kap\u0142a\u0144skiego.<br>Dawco wszelakiego dobra, <\/strong><\/em><br><em><strong>b\u0142agam ci\u0119 pokornie,<br>aby\u015b za wstawiennictwem Twojego s\u0142ugi,<br>udzieli\u0142 mi \u0142aski, <\/strong><\/em><br><em><strong>kt\u00f3rej szczeg\u00f3lnie potrzebuj\u0119 i pragn\u0119<br>Naj\u015bwi\u0119tszy Bo\u017ce, spraw w swej \u0142askawo\u015bci,<br>aby Tw\u00f3j wierny s\u0142uga ks. Pawe\u0142 Chmielewski<br>dost\u0105pi\u0142 chwa\u0142y O\u0142tarzy. Amen.<\/strong><\/em><\/p>\n\n\n\n<figure class=\"wp-block-gallery has-nested-images columns-default is-cropped wp-block-gallery-1 is-layout-flex wp-block-gallery-is-layout-flex\">\n<figure class=\"wp-block-image size-full\"><a href=\"https:\/\/parafiaklebark.pl\/wp-content\/uploads\/2024\/08\/ks_chmielewski_4-scaled.jpg\" rel=\"lightbox[4335]\"><img loading=\"lazy\" decoding=\"async\" width=\"1707\" height=\"2560\" data-id=\"4342\" src=\"https:\/\/parafiaklebark.pl\/wp-content\/uploads\/2024\/08\/ks_chmielewski_4-scaled.jpg\" alt=\"\" class=\"wp-image-4342\" srcset=\"https:\/\/parafiaklebark.pl\/wp-content\/uploads\/2024\/08\/ks_chmielewski_4-scaled.jpg 1707w, https:\/\/parafiaklebark.pl\/wp-content\/uploads\/2024\/08\/ks_chmielewski_4-200x300.jpg 200w, https:\/\/parafiaklebark.pl\/wp-content\/uploads\/2024\/08\/ks_chmielewski_4-683x1024.jpg 683w, https:\/\/parafiaklebark.pl\/wp-content\/uploads\/2024\/08\/ks_chmielewski_4-768x1152.jpg 768w, https:\/\/parafiaklebark.pl\/wp-content\/uploads\/2024\/08\/ks_chmielewski_4-1024x1536.jpg 1024w, https:\/\/parafiaklebark.pl\/wp-content\/uploads\/2024\/08\/ks_chmielewski_4-1366x2048.jpg 1366w\" sizes=\"auto, (max-width: 1707px) 100vw, 1707px\" \/><\/a><\/figure>\n<\/figure>\n","protected":false},"excerpt":{"rendered":"<p>W pracy duszpasterskiej ogromn\u0105 wag\u0119 przyk\u0142ada\u0142 do budowania mi\u0142o\u015bci i pojednania w rodzinach. Kiedy dowiadywa\u0142 si\u0119, \u017ce w jakiej\u015b rodzinie relacje nie s\u0105 dobre szed\u0142 do niej, poucza\u0142, nieraz karci\u0142, zaprowadzaj\u0105c w ma\u0142\u017ce\u0144stwach Bo\u017c\u0105 harmoni\u0119. Ksi\u0105dz Jan Pawe\u0142 Chmielewski urodzi\u0142 si\u0119 5 stycznia 1889 r. w Uniszewie, w parafii Sz\u0105bruk. Po uko\u0144czeniu szko\u0142y powszechnej ucz\u0119szcza\u0142 &#8230; <span class=\"more\"><a class=\"more-link\" href=\"https:\/\/parafiaklebark.pl\/index.php\/pawel-chmielewski-sluga-bozy\/\">[Czytaj dalej&#8230;]<\/a><\/span><\/p>\n","protected":false},"author":1,"featured_media":0,"parent":0,"menu_order":0,"comment_status":"closed","ping_status":"closed","template":"","meta":{"footnotes":""},"class_list":["entry","page","publish","author-t-napiorkowski","post-4335"],"_links":{"self":[{"href":"https:\/\/parafiaklebark.pl\/index.php\/wp-json\/wp\/v2\/pages\/4335","targetHints":{"allow":["GET"]}}],"collection":[{"href":"https:\/\/parafiaklebark.pl\/index.php\/wp-json\/wp\/v2\/pages"}],"about":[{"href":"https:\/\/parafiaklebark.pl\/index.php\/wp-json\/wp\/v2\/types\/page"}],"author":[{"embeddable":true,"href":"https:\/\/parafiaklebark.pl\/index.php\/wp-json\/wp\/v2\/users\/1"}],"replies":[{"embeddable":true,"href":"https:\/\/parafiaklebark.pl\/index.php\/wp-json\/wp\/v2\/comments?post=4335"}],"version-history":[{"count":47,"href":"https:\/\/parafiaklebark.pl\/index.php\/wp-json\/wp\/v2\/pages\/4335\/revisions"}],"predecessor-version":[{"id":5445,"href":"https:\/\/parafiaklebark.pl\/index.php\/wp-json\/wp\/v2\/pages\/4335\/revisions\/5445"}],"wp:attachment":[{"href":"https:\/\/parafiaklebark.pl\/index.php\/wp-json\/wp\/v2\/media?parent=4335"}],"curies":[{"name":"wp","href":"https:\/\/api.w.org\/{rel}","templated":true}]}}