{"id":4691,"date":"2024-10-30T17:00:40","date_gmt":"2024-10-30T16:00:40","guid":{"rendered":"https:\/\/parafiaklebark.pl\/?page_id=4691"},"modified":"2025-05-13T13:26:24","modified_gmt":"2025-05-13T11:26:24","slug":"cmentarz-informacje","status":"publish","type":"page","link":"https:\/\/parafiaklebark.pl\/index.php\/cmentarz-informacje\/","title":{"rendered":"Cmentarz &#8211; informacje"},"content":{"rendered":"\n<p class=\"has-text-align-center has-medium-font-size\"><strong>ADMINISTRATOR CMENTARZA<\/strong><br><strong>Tadeusz Ili\u0144ski &#8211; tel. 602 739 514<\/strong><\/p>\n\n\n\n<p class=\"has-text-align-center has-medium-font-size\"><strong>OP\u0141ATY<\/strong><\/p>\n\n\n\n<figure class=\"wp-block-image size-full\"><img loading=\"lazy\" decoding=\"async\" width=\"1379\" height=\"1321\" src=\"https:\/\/parafiaklebark.pl\/wp-content\/uploads\/2024\/11\/Page3.jpg\" alt=\"\" class=\"wp-image-4723\" srcset=\"https:\/\/parafiaklebark.pl\/wp-content\/uploads\/2024\/11\/Page3.jpg 1379w, https:\/\/parafiaklebark.pl\/wp-content\/uploads\/2024\/11\/Page3-300x287.jpg 300w, https:\/\/parafiaklebark.pl\/wp-content\/uploads\/2024\/11\/Page3-1024x981.jpg 1024w, https:\/\/parafiaklebark.pl\/wp-content\/uploads\/2024\/11\/Page3-768x736.jpg 768w\" sizes=\"auto, (max-width: 1379px) 100vw, 1379px\" \/><\/figure>\n\n\n\n<p><\/p>\n\n\n\n<p class=\"has-text-align-center has-medium-font-size\"><strong>WYCI\u0104G Z REGULAMINU<\/strong> <strong>CMENTARZA PARAFIALNEGO <\/strong><br><strong>W KLEBARKU WIELKIM<\/strong><\/p>\n\n\n\n<p><strong>Cmentarz jest miejscem \u015bwi\u0119tym, miejscem wiecznego spoczynku naszych Zmar\u0142ych i miejscem modlitwy za nich. Ma charakter sakralny. Powinien by\u0107 otoczony religijn\u0105 czci\u0105 i&nbsp;szacunkiem oraz szczeg\u00f3ln\u0105 trosk\u0105. Na cmentarzu nale\u017cy zachowywa\u0107 powag\u0119, cisz\u0119 i porz\u0105dek.<\/strong><\/p>\n\n\n\n<ol style=\"list-style-type:1\" class=\"wp-block-list\">\n<li><strong>Cmentarz jest w\u0142asno\u015bci\u0105 Parafii rzymskokatolickiej w Klebarku Wielkim.<\/strong><\/li>\n\n\n\n<li><strong>Cmentarzem zarz\u0105dza Rada Parafialna.<\/strong><\/li>\n\n\n\n<li><strong>Sprawy zwi\u0105zane z organizacj\u0105 pogrzebu nale\u017cy uzgodni\u0107 w&nbsp;kancelarii parafialnej, natomiast sprawy dotycz\u0105ce poch\u00f3wku z&nbsp;Administratorem Cmentarza.<\/strong><\/li>\n\n\n\n<li><strong>Na ni\u017cej wymienione prace prowadzone na cmentarzu nale\u017cy uzyska\u0107 zgod\u0119 Proboszcza Parafii lub Administratora Cmentarza.<\/strong>\n<ul class=\"wp-block-list\">\n<li><strong>poch\u00f3wek,<\/strong><\/li>\n\n\n\n<li><strong>budowa nowego pomnika, <\/strong><\/li>\n\n\n\n<li><strong>ekshumacja zw\u0142ok b\u0105d\u017a przeniesienie do innego grobu, po&nbsp;przedstawieniu koniecznych zezwole\u0144<\/strong><\/li>\n<\/ul>\n<\/li>\n\n\n\n<li><strong>Prawo do grobu i dalszego dysponowania miejscem uzyskuje si\u0119 po uiszczeniu op\u0142at u Administratora Cmentarza.<\/strong><\/li>\n\n\n\n<li><strong>Na cmentarzu zabrania si\u0119:<\/strong>\n<ul class=\"wp-block-list\">\n<li><strong>zak\u0142\u00f3cania ciszy, porz\u0105dku i powagi miejsca;<\/strong><\/li>\n\n\n\n<li><strong>zanieczyszczania terenu wok\u00f3\u0142 grob\u00f3w, niszczenia zieleni, nagrobk\u00f3w i urz\u0105dze\u0144 cmentarnych;<\/strong><\/li>\n\n\n\n<li><strong>wprowadzania zwierz\u0105t;<\/strong><\/li>\n\n\n\n<li><strong>samowolnego sadzenia drzew i krzew\u00f3w oraz instalowania ogrodze\u0144 i \u0142awek<\/strong><\/li>\n<\/ul>\n<\/li>\n\n\n\n<li><strong>Prawo do grobu oznacza prawo do terenu o wymiarach:<\/strong>\n<ul class=\"wp-block-list\">\n<li><strong>gr\u00f3b pojedynczy: 2,3 m x 1,3 m <\/strong><\/li>\n\n\n\n<li><strong>gr\u00f3b podw\u00f3jny: 2,3 m x 2,1 m<\/strong><br><strong>Wydzielony teren musi znajdowa\u0107 si\u0119 minimum 0,5 m od&nbsp;s\u0105siednich &nbsp;&nbsp;&nbsp;&nbsp; mogi\u0142 z ka\u017cdej strony.<\/strong><\/li>\n<\/ul>\n<\/li>\n\n\n\n<li><strong>Za korzystanie z cmentarza pobierane s\u0105 op\u0142aty przeznaczone na&nbsp;jego utrzymanie. Op\u0142aty uiszcza si\u0119 przy zg\u0142aszaniu poch\u00f3wku i przed rozpocz\u0119ciem prac. Wp\u0142acaj\u0105cy otrzymuje potwierdzenie wp\u0142aty. Op\u0142aty za dysponowanie grobem wznawia si\u0119 po 20 latach. Gr\u00f3b nie mo\u017ce by\u0107 u\u017cyty do ponownego chowania przed up\u0142ywem 20 lat (z&nbsp;wyj\u0105tkiem grobowc\u00f3w murowanych). Uiszczenie op\u0142aty z op\u00f3\u017anieniem powoduje, \u017ce pobierane s\u0105 nale\u017cno\u015bci za lata poprzednie (nieop\u0142acone) w wysoko\u015bci 1\/20 za&nbsp;ka\u017cdy rok (wg stawek obowi\u0105zuj\u0105cych w cenniku).<\/strong><\/li>\n\n\n\n<li><strong>Odpady i \u015bmieci mog\u0105 by\u0107 sk\u0142adowane jedynie w wyznaczonych do tego celu miejscach (nale\u017cy uwzgl\u0119dnia\u0107 segregacj\u0119 \u015bmieci). Odpady organiczne tylko w wyznaczonych miejscach.<\/strong><\/li>\n\n\n\n<li><strong>Pozosta\u0142y po remoncie lub rozbi\u00f3rce gruz ze starego pomnika nale\u017cy wywie\u017a\u0107 z cmentarza. Zabrania si\u0119 sk\u0142adowania tych odpad\u00f3w na cmentarzu. Ziemi\u0119 pozosta\u0142\u0105 po wykopaniu grobu nale\u017cy wywie\u017a\u0107 z cmentarza.<\/strong><\/li>\n\n\n\n<li><strong>Administrator Cmentarza nie ponosi odpowiedzialno\u015bci za&nbsp;szkody wynik\u0142e z dewastacji lub kl\u0119sk \u017cywio\u0142owych. Groby mog\u0105 by\u0107 ubezpieczane indywidualnie.<\/strong><\/li>\n<\/ol>\n\n\n\n<p class=\"has-text-align-center has-small-font-size\"><strong>W sprawach nieuregulowanych niniejszym Regulaminem maj\u0105 zastosowanie powszechnie obowi\u0105zuj\u0105ce przepisy, <\/strong><br><strong>a w szczeg\u00f3lno\u015bci Ustawa z dnia 31 stycznia 1956 r. o cmentarzach <br>i chowaniu zmar\u0142ych (tekst jednolity Dz.U. z 2000, nr 23, poz. 295 z p\u00f3\u017an. zm.) <br>oraz Rozporz\u0105dzenie Ministra Infrastruktury z dnia 7 marca 2008 r. <\/strong><br><strong>w sprawie wymaga\u0144, jakie musz\u0105 spe\u0142nia\u0107 cmentarze, groby i inne miejsca poch\u00f3wku zw\u0142ok i szcz\u0105tk\u00f3w (Dz.U. z 2008, nr 48, poz. 284).<\/strong><\/p>\n","protected":false},"excerpt":{"rendered":"<p>ADMINISTRATOR CMENTARZATadeusz Ili\u0144ski &#8211; tel. 602 739 514 OP\u0141ATY WYCI\u0104G Z REGULAMINU CMENTARZA PARAFIALNEGO W KLEBARKU WIELKIM Cmentarz jest miejscem \u015bwi\u0119tym, miejscem wiecznego spoczynku naszych Zmar\u0142ych i miejscem modlitwy za nich. Ma charakter sakralny. Powinien by\u0107 otoczony religijn\u0105 czci\u0105 i&nbsp;szacunkiem oraz szczeg\u00f3ln\u0105 trosk\u0105. Na cmentarzu nale\u017cy zachowywa\u0107 powag\u0119, cisz\u0119 i porz\u0105dek. W sprawach nieuregulowanych niniejszym &#8230; <span class=\"more\"><a class=\"more-link\" href=\"https:\/\/parafiaklebark.pl\/index.php\/cmentarz-informacje\/\">[Czytaj dalej&#8230;]<\/a><\/span><\/p>\n","protected":false},"author":2,"featured_media":0,"parent":0,"menu_order":0,"comment_status":"closed","ping_status":"closed","template":"","meta":{"footnotes":""},"class_list":["entry","page","publish","author-w-czuprynski","post-4691"],"_links":{"self":[{"href":"https:\/\/parafiaklebark.pl\/index.php\/wp-json\/wp\/v2\/pages\/4691","targetHints":{"allow":["GET"]}}],"collection":[{"href":"https:\/\/parafiaklebark.pl\/index.php\/wp-json\/wp\/v2\/pages"}],"about":[{"href":"https:\/\/parafiaklebark.pl\/index.php\/wp-json\/wp\/v2\/types\/page"}],"author":[{"embeddable":true,"href":"https:\/\/parafiaklebark.pl\/index.php\/wp-json\/wp\/v2\/users\/2"}],"replies":[{"embeddable":true,"href":"https:\/\/parafiaklebark.pl\/index.php\/wp-json\/wp\/v2\/comments?post=4691"}],"version-history":[{"count":22,"href":"https:\/\/parafiaklebark.pl\/index.php\/wp-json\/wp\/v2\/pages\/4691\/revisions"}],"predecessor-version":[{"id":5424,"href":"https:\/\/parafiaklebark.pl\/index.php\/wp-json\/wp\/v2\/pages\/4691\/revisions\/5424"}],"wp:attachment":[{"href":"https:\/\/parafiaklebark.pl\/index.php\/wp-json\/wp\/v2\/media?parent=4691"}],"curies":[{"name":"wp","href":"https:\/\/api.w.org\/{rel}","templated":true}]}}