{"id":8,"date":"2020-11-29T09:59:47","date_gmt":"2020-11-29T08:59:47","guid":{"rendered":"http:\/\/parafiaklebark.pl\/?page_id=8"},"modified":"2026-03-20T08:58:30","modified_gmt":"2026-03-20T07:58:30","slug":"kontakt","status":"publish","type":"page","link":"https:\/\/parafiaklebark.pl\/index.php\/kontakt\/","title":{"rendered":"Kontakt"},"content":{"rendered":"\n<p><strong>Proboszcz<br>ks. Wojs\u0142aw Czupry\u0144ski<\/strong><br>tel. 600 752 452<br>czuwoj@wp.pl<\/p>\n\n\n\n<p><strong>Duszpasterz pomocniczy<br>ks. Rados\u0142aw Czerwi\u0144ski<\/strong><br>tel. 793 139 494<br>redimex@wp.pl<\/p>\n\n\n\n<p><strong>Adres parafii:<\/strong><br>Klebark Wielki 32<br>10-687 Olsztyn<br>tel. 89 512 43 10<\/p>\n\n\n\n<p><strong>Sprawy kancelaryjne: <\/strong> <br>poniedzia\u0142ek-pi\u0105tek 17.00-18.00<br>lub o innej porze po telefonicznym um\u00f3wieniu si\u0119<\/p>\n\n\n\n<p><strong>Numer konta parafii<\/strong>:<br>06 1240 1590 1111 0000 1453 3264<\/p>\n","protected":false},"excerpt":{"rendered":"<p>Proboszczks. Wojs\u0142aw Czupry\u0144skitel. 600 752 452czuwoj@wp.pl Duszpasterz pomocniczyks. Rados\u0142aw Czerwi\u0144skitel. 793 139 494redimex@wp.pl Adres parafii:Klebark Wielki 3210-687 Olsztyntel. 89 512 43 10 Sprawy kancelaryjne: poniedzia\u0142ek-pi\u0105tek 17.00-18.00lub o innej porze po telefonicznym um\u00f3wieniu si\u0119 Numer konta parafii:06 1240 1590 1111 0000 1453 3264<\/p>\n","protected":false},"author":1,"featured_media":0,"parent":0,"menu_order":0,"comment_status":"closed","ping_status":"closed","template":"","meta":{"footnotes":""},"class_list":["entry","page","publish","author-t-napiorkowski","post-8"],"_links":{"self":[{"href":"https:\/\/parafiaklebark.pl\/index.php\/wp-json\/wp\/v2\/pages\/8","targetHints":{"allow":["GET"]}}],"collection":[{"href":"https:\/\/parafiaklebark.pl\/index.php\/wp-json\/wp\/v2\/pages"}],"about":[{"href":"https:\/\/parafiaklebark.pl\/index.php\/wp-json\/wp\/v2\/types\/page"}],"author":[{"embeddable":true,"href":"https:\/\/parafiaklebark.pl\/index.php\/wp-json\/wp\/v2\/users\/1"}],"replies":[{"embeddable":true,"href":"https:\/\/parafiaklebark.pl\/index.php\/wp-json\/wp\/v2\/comments?post=8"}],"version-history":[{"count":11,"href":"https:\/\/parafiaklebark.pl\/index.php\/wp-json\/wp\/v2\/pages\/8\/revisions"}],"predecessor-version":[{"id":6393,"href":"https:\/\/parafiaklebark.pl\/index.php\/wp-json\/wp\/v2\/pages\/8\/revisions\/6393"}],"wp:attachment":[{"href":"https:\/\/parafiaklebark.pl\/index.php\/wp-json\/wp\/v2\/media?parent=8"}],"curies":[{"name":"wp","href":"https:\/\/api.w.org\/{rel}","templated":true}]}}